{"id":2092,"date":"2016-12-21T11:52:44","date_gmt":"2016-12-21T11:52:44","guid":{"rendered":"http:\/\/lunils.me\/en\/?page_id=2092"},"modified":"2017-02-04T12:03:05","modified_gmt":"2017-02-04T12:03:05","slug":"o-nam","status":"publish","type":"page","link":"http:\/\/www.lunils.me\/me\/o-nam\/","title":{"rendered":"O NAMA"},"content":{"rendered":"<div class=\"wpb-content-wrapper\"><p>[vc_row][vc_column][vc_column_text]<\/p>\n<h2 style=\"text-align: center;\">O NAMA<\/h2>\n<p>[\/vc_column_text][\/vc_column][\/vc_row][vc_row][vc_column width=&#8221;2\/3&#8243;][vc_column_text]<img loading=\"lazy\" decoding=\"async\" class=\"alignnone wp-image-2731 size-full\" src=\"http:\/\/lunils.me\/en\/wp-content\/uploads\/2016\/12\/O-NAMA01.jpg\" width=\"800\" height=\"533\" \/>[\/vc_column_text][\/vc_column][vc_column width=&#8221;1\/3&#8243;][vc_column_text]<\/p>\n<p style=\"text-align: justify;\">Po\u010deli smo 1993. godine, kao prva agencija za nekretnine u Baru. U ponudi imamo nekretnine \u0161irom Crne Gore, a na\u0161e vi\u0161egodi\u0161nje iskustvo garantuje uspje\u0161nu saradnju. U na\u0161oj agenciji svi poslovi se zavr\u0161avaju brzo i puzdano.<\/p>\n<p style=\"text-align: justify;\">Tokom proteklih godina, uspjeli smo da razvijemo kontakte sa vi\u0161e svjetskih agencija, i ostvarimo uspje\u0161nu saradnju. Na\u0161 tim govori 5 jezika. Dobitnici smo priznanja \u201cCentury International Quality Era Award\u201d-Zlatna kategorija- \u017deneva 2010.<\/p>\n<p>[\/vc_column_text][\/vc_column][\/vc_row][vc_row][vc_column][vc_column_text]<\/p>\n<p style=\"text-align: justify;\">Na\u0161a predanost se iz godine u godinu pove\u0107avala i sada smo tu, za Vas sa najboljim timom i najkvalitetnijom uslugom u Crnoj Gori.<\/p>\n<p>[\/vc_column_text][\/vc_column][\/vc_row]<\/p>\n<\/div>","protected":false},"excerpt":{"rendered":"<p>[vc_row][vc_column][vc_column_text] O NAMA [\/vc_column_text][\/vc_column][\/vc_row][vc_row][vc_column width=&#8221;2\/3&#8243;][vc_column_text][\/vc_column_text][\/vc_column][vc_column width=&#8221;1\/3&#8243;][vc_column_text] Po\u010deli smo 1993. godine, kao prva agencija za nekretnine u Baru. U ponudi imamo nekretnine \u0161irom Crne Gore, a na\u0161e vi\u0161egodi\u0161nje iskustvo garantuje uspje\u0161nu saradnju. U na\u0161oj agenciji svi poslovi se zavr\u0161avaju brzo i puzdano. Tokom proteklih godina, uspjeli smo da razvijemo kontakte sa vi\u0161e svjetskih agencija, i ostvarimo uspje\u0161nu saradnju. Na\u0161 tim govori 5 jezika. Dobitnici smo &#8230;<\/p>\n","protected":false},"author":1,"featured_media":0,"parent":0,"menu_order":0,"comment_status":"closed","ping_status":"closed","template":"","meta":{"footnotes":""},"class_list":["post-2092","page","type-page","status-publish","hentry"],"yoast_head":"<!-- This site is optimized with the Yoast SEO plugin v23.6 - https:\/\/yoast.com\/wordpress\/plugins\/seo\/ -->\n<title>O nama - Lunils nekretnine Bar; Crna Gora<\/title>\n<meta name=\"description\" content=\"Po\u010deli smo 1993. godine, kao prva agencija za nekretnine u Baru. U ponudi imamo nekretnine \u0161irom Crne Gore, a na\u0161e vi\u0161egodi\u0161nje iskustvo garantuje uspje\u0161nu\" \/>\n<meta name=\"robots\" content=\"index, follow, max-snippet:-1, max-image-preview:large, max-video-preview:-1\" \/>\n<link rel=\"canonical\" href=\"http:\/\/www.lunils.me\/me\/o-nam\/\" \/>\n<meta property=\"og:locale\" content=\"hr_HR\" \/>\n<meta property=\"og:type\" content=\"article\" \/>\n<meta property=\"og:title\" content=\"O nama - Lunils nekretnine Bar; Crna Gora\" \/>\n<meta property=\"og:description\" content=\"Po\u010deli smo 1993. godine, kao prva agencija za nekretnine u Baru. U ponudi imamo nekretnine \u0161irom Crne Gore, a na\u0161e vi\u0161egodi\u0161nje iskustvo garantuje uspje\u0161nu\" \/>\n<meta property=\"og:url\" content=\"http:\/\/www.lunils.me\/me\/o-nam\/\" \/>\n<meta property=\"article:modified_time\" content=\"2017-02-04T12:03:05+00:00\" \/>\n<meta property=\"og:image\" content=\"http:\/\/lunils.me\/en\/wp-content\/uploads\/2016\/12\/O-NAMA01.jpg\" \/>\n<meta name=\"twitter:card\" content=\"summary_large_image\" \/>\n<meta name=\"twitter:label1\" content=\"Procijenjeno vrijeme \u010ditanja\" \/>\n\t<meta name=\"twitter:data1\" content=\"1 minuta\" \/>\n<script type=\"application\/ld+json\" class=\"yoast-schema-graph\">{\"@context\":\"https:\/\/schema.org\",\"@graph\":[{\"@type\":\"WebPage\",\"@id\":\"http:\/\/www.lunils.me\/me\/o-nam\/\",\"url\":\"http:\/\/www.lunils.me\/me\/o-nam\/\",\"name\":\"O nama - Lunils nekretnine Bar; Crna Gora\",\"isPartOf\":{\"@id\":\"http:\/\/www.lunils.me\/me\/#website\"},\"primaryImageOfPage\":{\"@id\":\"http:\/\/www.lunils.me\/me\/o-nam\/#primaryimage\"},\"image\":{\"@id\":\"http:\/\/www.lunils.me\/me\/o-nam\/#primaryimage\"},\"thumbnailUrl\":\"http:\/\/lunils.me\/en\/wp-content\/uploads\/2016\/12\/O-NAMA01.jpg\",\"datePublished\":\"2016-12-21T11:52:44+00:00\",\"dateModified\":\"2017-02-04T12:03:05+00:00\",\"description\":\"Po\u010deli smo 1993. godine, kao prva agencija za nekretnine u Baru. U ponudi imamo nekretnine \u0161irom Crne Gore, a na\u0161e vi\u0161egodi\u0161nje iskustvo garantuje uspje\u0161nu\",\"breadcrumb\":{\"@id\":\"http:\/\/www.lunils.me\/me\/o-nam\/#breadcrumb\"},\"inLanguage\":\"hr\",\"potentialAction\":[{\"@type\":\"ReadAction\",\"target\":[\"http:\/\/www.lunils.me\/me\/o-nam\/\"]}]},{\"@type\":\"ImageObject\",\"inLanguage\":\"hr\",\"@id\":\"http:\/\/www.lunils.me\/me\/o-nam\/#primaryimage\",\"url\":\"http:\/\/lunils.me\/en\/wp-content\/uploads\/2016\/12\/O-NAMA01.jpg\",\"contentUrl\":\"http:\/\/lunils.me\/en\/wp-content\/uploads\/2016\/12\/O-NAMA01.jpg\"},{\"@type\":\"BreadcrumbList\",\"@id\":\"http:\/\/www.lunils.me\/me\/o-nam\/#breadcrumb\",\"itemListElement\":[{\"@type\":\"ListItem\",\"position\":1,\"name\":\"Po\u010detna stranica\",\"item\":\"http:\/\/www.lunils.me\/me\/\"},{\"@type\":\"ListItem\",\"position\":2,\"name\":\"O NAMA\"}]},{\"@type\":\"WebSite\",\"@id\":\"http:\/\/www.lunils.me\/me\/#website\",\"url\":\"http:\/\/www.lunils.me\/me\/\",\"name\":\"\",\"description\":\"\",\"potentialAction\":[{\"@type\":\"SearchAction\",\"target\":{\"@type\":\"EntryPoint\",\"urlTemplate\":\"http:\/\/www.lunils.me\/me\/?s={search_term_string}\"},\"query-input\":{\"@type\":\"PropertyValueSpecification\",\"valueRequired\":true,\"valueName\":\"search_term_string\"}}],\"inLanguage\":\"hr\"}]}<\/script>\n<!-- \/ Yoast SEO plugin. -->","yoast_head_json":{"title":"O nama - Lunils nekretnine Bar; Crna Gora","description":"Po\u010deli smo 1993. godine, kao prva agencija za nekretnine u Baru. U ponudi imamo nekretnine \u0161irom Crne Gore, a na\u0161e vi\u0161egodi\u0161nje iskustvo garantuje uspje\u0161nu","robots":{"index":"index","follow":"follow","max-snippet":"max-snippet:-1","max-image-preview":"max-image-preview:large","max-video-preview":"max-video-preview:-1"},"canonical":"http:\/\/www.lunils.me\/me\/o-nam\/","og_locale":"hr_HR","og_type":"article","og_title":"O nama - Lunils nekretnine Bar; Crna Gora","og_description":"Po\u010deli smo 1993. godine, kao prva agencija za nekretnine u Baru. U ponudi imamo nekretnine \u0161irom Crne Gore, a na\u0161e vi\u0161egodi\u0161nje iskustvo garantuje uspje\u0161nu","og_url":"http:\/\/www.lunils.me\/me\/o-nam\/","article_modified_time":"2017-02-04T12:03:05+00:00","og_image":[{"url":"http:\/\/lunils.me\/en\/wp-content\/uploads\/2016\/12\/O-NAMA01.jpg"}],"twitter_card":"summary_large_image","twitter_misc":{"Procijenjeno vrijeme \u010ditanja":"1 minuta"},"schema":{"@context":"https:\/\/schema.org","@graph":[{"@type":"WebPage","@id":"http:\/\/www.lunils.me\/me\/o-nam\/","url":"http:\/\/www.lunils.me\/me\/o-nam\/","name":"O nama - Lunils nekretnine Bar; Crna Gora","isPartOf":{"@id":"http:\/\/www.lunils.me\/me\/#website"},"primaryImageOfPage":{"@id":"http:\/\/www.lunils.me\/me\/o-nam\/#primaryimage"},"image":{"@id":"http:\/\/www.lunils.me\/me\/o-nam\/#primaryimage"},"thumbnailUrl":"http:\/\/lunils.me\/en\/wp-content\/uploads\/2016\/12\/O-NAMA01.jpg","datePublished":"2016-12-21T11:52:44+00:00","dateModified":"2017-02-04T12:03:05+00:00","description":"Po\u010deli smo 1993. godine, kao prva agencija za nekretnine u Baru. U ponudi imamo nekretnine \u0161irom Crne Gore, a na\u0161e vi\u0161egodi\u0161nje iskustvo garantuje uspje\u0161nu","breadcrumb":{"@id":"http:\/\/www.lunils.me\/me\/o-nam\/#breadcrumb"},"inLanguage":"hr","potentialAction":[{"@type":"ReadAction","target":["http:\/\/www.lunils.me\/me\/o-nam\/"]}]},{"@type":"ImageObject","inLanguage":"hr","@id":"http:\/\/www.lunils.me\/me\/o-nam\/#primaryimage","url":"http:\/\/lunils.me\/en\/wp-content\/uploads\/2016\/12\/O-NAMA01.jpg","contentUrl":"http:\/\/lunils.me\/en\/wp-content\/uploads\/2016\/12\/O-NAMA01.jpg"},{"@type":"BreadcrumbList","@id":"http:\/\/www.lunils.me\/me\/o-nam\/#breadcrumb","itemListElement":[{"@type":"ListItem","position":1,"name":"Po\u010detna stranica","item":"http:\/\/www.lunils.me\/me\/"},{"@type":"ListItem","position":2,"name":"O NAMA"}]},{"@type":"WebSite","@id":"http:\/\/www.lunils.me\/me\/#website","url":"http:\/\/www.lunils.me\/me\/","name":"","description":"","potentialAction":[{"@type":"SearchAction","target":{"@type":"EntryPoint","urlTemplate":"http:\/\/www.lunils.me\/me\/?s={search_term_string}"},"query-input":{"@type":"PropertyValueSpecification","valueRequired":true,"valueName":"search_term_string"}}],"inLanguage":"hr"}]}},"_links":{"self":[{"href":"http:\/\/www.lunils.me\/me\/wp-json\/wp\/v2\/pages\/2092"}],"collection":[{"href":"http:\/\/www.lunils.me\/me\/wp-json\/wp\/v2\/pages"}],"about":[{"href":"http:\/\/www.lunils.me\/me\/wp-json\/wp\/v2\/types\/page"}],"author":[{"embeddable":true,"href":"http:\/\/www.lunils.me\/me\/wp-json\/wp\/v2\/users\/1"}],"replies":[{"embeddable":true,"href":"http:\/\/www.lunils.me\/me\/wp-json\/wp\/v2\/comments?post=2092"}],"version-history":[{"count":6,"href":"http:\/\/www.lunils.me\/me\/wp-json\/wp\/v2\/pages\/2092\/revisions"}],"predecessor-version":[{"id":2806,"href":"http:\/\/www.lunils.me\/me\/wp-json\/wp\/v2\/pages\/2092\/revisions\/2806"}],"wp:attachment":[{"href":"http:\/\/www.lunils.me\/me\/wp-json\/wp\/v2\/media?parent=2092"}],"curies":[{"name":"wp","href":"https:\/\/api.w.org\/{rel}","templated":true}]}}